{"id":11,"date":"2022-11-07T15:14:37","date_gmt":"2022-11-07T14:14:37","guid":{"rendered":"http:\/\/kiaramayet.com\/?page_id=11"},"modified":"2024-10-12T21:57:05","modified_gmt":"2024-10-12T19:57:05","slug":"accueil","status":"publish","type":"page","link":"https:\/\/kiaramayet.com\/","title":{"rendered":"ACCUEIL"},"content":{"rendered":"<p>[et_pb_section fb_built=\u00a0\u00bb1&Prime; theme_builder_area=\u00a0\u00bbpost_content\u00a0\u00bb _builder_version=\u00a0\u00bb4.27.2&Prime; _module_preset=\u00a0\u00bbdefault\u00a0\u00bb custom_padding=\u00a0\u00bb||1px|||\u00a0\u00bb][et_pb_row _builder_version=\u00a0\u00bb4.27.2&Prime; _module_preset=\u00a0\u00bbdefault\u00a0\u00bb theme_builder_area=\u00a0\u00bbpost_content\u00a0\u00bb][et_pb_column _builder_version=\u00a0\u00bb4.27.2&Prime; _module_preset=\u00a0\u00bbdefault\u00a0\u00bb type=\u00a0\u00bb4_4&Prime; theme_builder_area=\u00a0\u00bbpost_content\u00a0\u00bb][et_pb_image src=\u00a0\u00bbhttps:\/\/kiaramayet.com\/wp-content\/uploads\/2024\/10\/LOGO-KM-NOIR.png\u00a0\u00bb _builder_version=\u00a0\u00bb4.27.2&Prime; _module_preset=\u00a0\u00bbdefault\u00a0\u00bb theme_builder_area=\u00a0\u00bbpost_content\u00a0\u00bb title_text=\u00a0\u00bbLOGO KM NOIR\u00a0\u00bb hover_enabled=\u00a0\u00bb0&Prime; sticky_enabled=\u00a0\u00bb0&Prime; width=\u00a0\u00bb30%\u00a0\u00bb align=\u00a0\u00bbcenter\u00a0\u00bb][\/et_pb_image][\/et_pb_column][\/et_pb_row][\/et_pb_section][et_pb_section fb_built=\u00a0\u00bb1&Prime; _builder_version=\u00a0\u00bb4.27.2&Prime; _module_preset=\u00a0\u00bbdefault\u00a0\u00bb global_colors_info=\u00a0\u00bb{}\u00a0\u00bb custom_padding=\u00a0\u00bb15px||45px|||\u00a0\u00bb][et_pb_row _builder_version=\u00a0\u00bb4.27.2&Prime; _module_preset=\u00a0\u00bbdefault\u00a0\u00bb global_colors_info=\u00a0\u00bb{}\u00a0\u00bb][et_pb_column type=\u00a0\u00bb4_4&Prime; _builder_version=\u00a0\u00bb4.27.2&Prime; _module_preset=\u00a0\u00bbdefault\u00a0\u00bb global_colors_info=\u00a0\u00bb{}\u00a0\u00bb][et_pb_text _builder_version=\u00a0\u00bb4.27.2&Prime; _module_preset=\u00a0\u00bbdefault\u00a0\u00bb global_colors_info=\u00a0\u00bb{}\u00a0\u00bb custom_margin=\u00a0\u00bb||-56px|||\u00a0\u00bb]<\/p>\n<h2>\u00ab\u00a0Je crois que j&rsquo;ai toujours eu envie et r\u00eav\u00e9 d&rsquo;\u00eatre sur sc\u00e8ne. C&rsquo;est un sentiment unique, de pouvoir oser, \u00eatre, d&rsquo;incarner des personnages ou d&rsquo;exprimer ses \u00e9motions en chantant. C&rsquo;est une bouff\u00e9e d&rsquo;oxyg\u00e8ne que je n&rsquo;ai jamais r\u00e9ussi \u00e0 touver ailleurs.<\/h2>\n<h2><\/h2>\n<h2>\u00c0 5 ans, je prends mes premiers cours de danse Modern Jazz, avant de m&rsquo;orienter sur de la danse folklorique pendant 8 ans. En 2013, je m&rsquo;inscris \u00e0 la chorale de mon coll\u00e8ge et je renoue avec le Modern Jazz. Mon amour pour le chant et la danse m&rsquo;ont men\u00e9 vers la Com\u00e9die Musicale, o\u00f9 j&rsquo;ai d\u00e9couvert un nouvel art: le th\u00e9\u00e2tre.<\/h2>\n<h2><\/h2>\n<h2>Bref, bienvenue dans mon petit univers !\u00a0\u00bb<\/h2>\n<p>[\/et_pb_text][et_pb_image src=\u00a0\u00bbhttps:\/\/kiaramayet.com\/wp-content\/uploads\/2024\/10\/photo_1-1.png\u00a0\u00bb _builder_version=\u00a0\u00bb4.27.2&Prime; _module_preset=\u00a0\u00bbdefault\u00a0\u00bb title_text=\u00a0\u00bbsignature\u00a0\u00bb align=\u00a0\u00bbright\u00a0\u00bb width=\u00a0\u00bb14%\u00a0\u00bb module_alignment=\u00a0\u00bbright\u00a0\u00bb hover_enabled=\u00a0\u00bb0&Prime; sticky_enabled=\u00a0\u00bb0&Prime; custom_margin=\u00a0\u00bb|||890px||\u00a0\u00bb custom_padding=\u00a0\u00bb|||2px||\u00a0\u00bb][\/et_pb_image][\/et_pb_column][\/et_pb_row][\/et_pb_section]<\/p>\n","protected":false},"excerpt":{"rendered":"<p>\u00ab\u00a0Je crois que j&rsquo;ai toujours eu envie et r\u00eav\u00e9 d&rsquo;\u00eatre sur sc\u00e8ne. C&rsquo;est un sentiment unique, de pouvoir oser, \u00eatre, d&rsquo;incarner des personnages ou d&rsquo;exprimer ses \u00e9motions en chantant. C&rsquo;est une bouff\u00e9e d&rsquo;oxyg\u00e8ne que je n&rsquo;ai jamais r\u00e9ussi \u00e0 touver ailleurs. \u00c0 5 ans, je prends mes premiers cours de danse Modern Jazz, avant de [&hellip;]<\/p>\n","protected":false},"author":1,"featured_media":0,"parent":0,"menu_order":0,"comment_status":"closed","ping_status":"closed","template":"","meta":{"_et_pb_use_builder":"on","_et_pb_old_content":"","_et_gb_content_width":"","footnotes":""},"class_list":["post-11","page","type-page","status-publish","hentry"],"_links":{"self":[{"href":"https:\/\/kiaramayet.com\/index.php\/wp-json\/wp\/v2\/pages\/11","targetHints":{"allow":["GET"]}}],"collection":[{"href":"https:\/\/kiaramayet.com\/index.php\/wp-json\/wp\/v2\/pages"}],"about":[{"href":"https:\/\/kiaramayet.com\/index.php\/wp-json\/wp\/v2\/types\/page"}],"author":[{"embeddable":true,"href":"https:\/\/kiaramayet.com\/index.php\/wp-json\/wp\/v2\/users\/1"}],"replies":[{"embeddable":true,"href":"https:\/\/kiaramayet.com\/index.php\/wp-json\/wp\/v2\/comments?post=11"}],"version-history":[{"count":13,"href":"https:\/\/kiaramayet.com\/index.php\/wp-json\/wp\/v2\/pages\/11\/revisions"}],"predecessor-version":[{"id":122,"href":"https:\/\/kiaramayet.com\/index.php\/wp-json\/wp\/v2\/pages\/11\/revisions\/122"}],"wp:attachment":[{"href":"https:\/\/kiaramayet.com\/index.php\/wp-json\/wp\/v2\/media?parent=11"}],"curies":[{"name":"wp","href":"https:\/\/api.w.org\/{rel}","templated":true}]}}