{"id":16,"date":"2024-10-12T18:42:46","date_gmt":"2024-10-12T16:42:46","guid":{"rendered":"http:\/\/kiaramayet.com\/?page_id=16"},"modified":"2025-01-11T16:24:09","modified_gmt":"2025-01-11T15:24:09","slug":"dates","status":"publish","type":"page","link":"https:\/\/kiaramayet.com\/index.php\/dates\/","title":{"rendered":"DATES"},"content":{"rendered":"<p>[et_pb_section fb_built=\u00a0\u00bb1&Prime; _builder_version=\u00a0\u00bb4.19.0&Prime; _module_preset=\u00a0\u00bbdefault\u00a0\u00bb global_colors_info=\u00a0\u00bb{}\u00a0\u00bb][et_pb_row column_structure=\u00a0\u00bb1_2,1_2&Prime; _builder_version=\u00a0\u00bb4.19.0&Prime; _module_preset=\u00a0\u00bbdefault\u00a0\u00bb global_colors_info=\u00a0\u00bb{}\u00a0\u00bb][et_pb_column type=\u00a0\u00bb1_2&Prime; _builder_version=\u00a0\u00bb4.19.0&Prime; _module_preset=\u00a0\u00bbdefault\u00a0\u00bb global_colors_info=\u00a0\u00bb{}\u00a0\u00bb][et_pb_image src=\u00a0\u00bbhttps:\/\/kiaramayet.com\/wp-content\/uploads\/2024\/10\/Affiche-HUIT-FEMMES.jpg\u00a0\u00bb title_text=\u00a0\u00bbAffiche-HUIT-FEMMES\u00a0\u00bb _builder_version=\u00a0\u00bb4.19.0&Prime; _module_preset=\u00a0\u00bbdefault\u00a0\u00bb global_colors_info=\u00a0\u00bb{}\u00a0\u00bb][\/et_pb_image][\/et_pb_column][et_pb_column type=\u00a0\u00bb1_2&Prime; _builder_version=\u00a0\u00bb4.19.0&Prime; _module_preset=\u00a0\u00bbdefault\u00a0\u00bb global_colors_info=\u00a0\u00bb{}\u00a0\u00bb][et_pb_text _builder_version=\u00a0\u00bb4.27.2&Prime; _module_preset=\u00a0\u00bbdefault\u00a0\u00bb text_font=\u00a0\u00bbArchivo Black||||||||\u00a0\u00bb text_font_size=\u00a0\u00bb43px\u00a0\u00bb text_line_height=\u00a0\u00bb1.5em\u00a0\u00bb width=\u00a0\u00bb100%\u00a0\u00bb min_height=\u00a0\u00bb95px\u00a0\u00bb custom_padding=\u00a0\u00bb|0px|0px|||\u00a0\u00bb global_colors_info=\u00a0\u00bb{}\u00a0\u00bb]<\/p>\n<h1><span style=\"font-size: xx-large;\"><strong>PROCHAINES REPR\u00c9SENTATIONS<\/strong><\/span><\/h1>\n<p>[\/et_pb_text][et_pb_text _builder_version=\u00a0\u00bb4.27.2&Prime; _module_preset=\u00a0\u00bbdefault\u00a0\u00bb text_font=\u00a0\u00bbArchivo||||||||\u00a0\u00bb text_text_color=\u00a0\u00bb#000000&Prime; custom_margin=\u00a0\u00bb-31px|-370px||||\u00a0\u00bb global_colors_info=\u00a0\u00bb{}\u00a0\u00bb]<\/p>\n<p><strong>SAMEDI 25 JANVIER 2025 &#8211; RODEZ <span style=\"color: #ff0000;\">[COMPLET]<\/span><\/strong><br \/>Th\u00e9\u00e2tre St Joseph<strong> &#8211; 21H<\/strong><\/p>\n<p><strong>DIMANCHE 26 JANVIER 2025 &#8211; FLAVIN<\/strong><br \/>Salle des Festivit\u00e9s &#8211;<strong> 15H<br \/><\/strong><em>R\u00e9servations: 06.85.51.09.54<\/em><\/p>\n<p><strong>SAMEDI 08 F\u00c9VRIER 2025 &#8211; RODEZ <span style=\"color: #ff0000;\">[COMPLET]<\/span><\/strong><br \/>Th\u00e9\u00e2tre St Joseph<strong> &#8211; 21H<\/strong><\/p>\n<p><strong>SAMEDI 22 MARS 2025 &#8211; RODEZ <span style=\"color: #ff0000;\">[COMPLET]<\/span><br \/><\/strong>Th\u00e9\u00e2tre St Joseph<strong> &#8211; 21H<\/strong><\/p>\n<p><strong>SAMEDI 05 AVRIL 2025 &#8211; RODEZ <span style=\"color: #ff0000;\">[COMPLET]<\/span><br \/><\/strong>Th\u00e9\u00e2tre St Joseph<strong> &#8211; 21H<\/strong><\/p>\n<p><strong>SAMEDI 20 SEPTEMBRE 2025 &#8211; RODEZ<br \/><\/strong>Th\u00e9\u00e2tre St Joseph<strong> &#8211; 21H<br \/><\/strong><em>R\u00e9servations: 06.74.13.64.34<\/em><\/p>\n<p>[\/et_pb_text][\/et_pb_column][\/et_pb_row][et_pb_row _builder_version=\u00a0\u00bb4.27.2&Prime; _module_preset=\u00a0\u00bbdefault\u00a0\u00bb][et_pb_column _builder_version=\u00a0\u00bb4.27.2&Prime; _module_preset=\u00a0\u00bbdefault\u00a0\u00bb type=\u00a0\u00bb4_4&Prime;][et_pb_text _builder_version=\u00a0\u00bb4.27.2&Prime; _module_preset=\u00a0\u00bbdefault\u00a0\u00bb hover_enabled=\u00a0\u00bb0&Prime; global_colors_info=\u00a0\u00bb{}\u00a0\u00bb custom_padding=\u00a0\u00bb||0px|||\u00a0\u00bb sticky_enabled=\u00a0\u00bb0&Prime;]<\/p>\n<p><span style=\"font-size: medium;\"><strong>8 FEMMES by STICHOMYTHIE &amp; COMPAGNIES<br \/><\/strong>\u0152uvre originale: Robert THOMAS\u00a0 \u00a0 \u00a0 \u00a0 \u00a0 \u00a0 \u00a0 \u00a0 \u00a0 \u00a0 \u00a0 \u00a0 \u00a0 \u00a0 \u00a0 \u00a0 \u00a0 \u00a0<\/span><span style=\"font-size: medium;\">Mise en sc\u00e8ne: Fabien AUSTRUY\u00a0 \u00a0 \u00a0 \u00a0 \u00a0 \u00a0 \u00a0 \u00a0 \u00a0 \u00a0 \u00a0 \u00a0 \u00a0 \u00a0 \u00a0 \u00a0 \u00a0 \u00a0<\/span><span style=\"font-size: medium;\">Chor\u00e9graphies: Edwina COSTECALDE<\/span><\/p>\n<p><span style=\"font-size: medium;\">Photos: Aur\u00e9lie FONTANA\u00a0 \u00a0 \u00a0 \u00a0 \u00a0 \u00a0 \u00a0 \u00a0 \u00a0 \u00a0 \u00a0 \u00a0 \u00a0 \u00a0 \u00a0 \u00a0 \u00a0 \u00a0 \u00a0 \u00a0 \u00a0 \u00a0 \u00a0 \u00a0<\/span><span style=\"font-size: medium;\">Graphisme: David DIESTE<\/span><\/p>\n<p>[\/et_pb_text][\/et_pb_column][\/et_pb_row][\/et_pb_section]<\/p>\n","protected":false},"excerpt":{"rendered":"<p>PROCHAINES REPR\u00c9SENTATIONSSAMEDI 25 JANVIER 2025 &#8211; RODEZ [COMPLET]Th\u00e9\u00e2tre St Joseph &#8211; 21H DIMANCHE 26 JANVIER 2025 &#8211; FLAVINSalle des Festivit\u00e9s &#8211; 15HR\u00e9servations: 06.85.51.09.54 SAMEDI 08 F\u00c9VRIER 2025 &#8211; RODEZ [COMPLET]Th\u00e9\u00e2tre St Joseph &#8211; 21H SAMEDI 22 MARS 2025 &#8211; RODEZ [COMPLET]Th\u00e9\u00e2tre St Joseph &#8211; 21H SAMEDI 05 AVRIL 2025 &#8211; RODEZ [COMPLET]Th\u00e9\u00e2tre St Joseph &#8211; [&hellip;]<\/p>\n","protected":false},"author":1,"featured_media":0,"parent":0,"menu_order":0,"comment_status":"closed","ping_status":"closed","template":"","meta":{"_et_pb_use_builder":"on","_et_pb_old_content":"","_et_gb_content_width":"","footnotes":""},"class_list":["post-16","page","type-page","status-publish","hentry"],"_links":{"self":[{"href":"https:\/\/kiaramayet.com\/index.php\/wp-json\/wp\/v2\/pages\/16","targetHints":{"allow":["GET"]}}],"collection":[{"href":"https:\/\/kiaramayet.com\/index.php\/wp-json\/wp\/v2\/pages"}],"about":[{"href":"https:\/\/kiaramayet.com\/index.php\/wp-json\/wp\/v2\/types\/page"}],"author":[{"embeddable":true,"href":"https:\/\/kiaramayet.com\/index.php\/wp-json\/wp\/v2\/users\/1"}],"replies":[{"embeddable":true,"href":"https:\/\/kiaramayet.com\/index.php\/wp-json\/wp\/v2\/comments?post=16"}],"version-history":[{"count":9,"href":"https:\/\/kiaramayet.com\/index.php\/wp-json\/wp\/v2\/pages\/16\/revisions"}],"predecessor-version":[{"id":141,"href":"https:\/\/kiaramayet.com\/index.php\/wp-json\/wp\/v2\/pages\/16\/revisions\/141"}],"wp:attachment":[{"href":"https:\/\/kiaramayet.com\/index.php\/wp-json\/wp\/v2\/media?parent=16"}],"curies":[{"name":"wp","href":"https:\/\/api.w.org\/{rel}","templated":true}]}}